{"id":1885,"date":"2020-05-19T11:47:26","date_gmt":"2020-05-19T09:47:26","guid":{"rendered":"http:\/\/pplactus.com\/?page_id=1885"},"modified":"2020-05-20T14:00:36","modified_gmt":"2020-05-20T12:00:36","slug":"a-propos-de-ce-blog","status":"publish","type":"page","link":"https:\/\/pplactus.com\/?page_id=1885","title":{"rendered":"A propos de ce blog"},"content":{"rendered":"\n<h2 class=\"wp-block-heading\">PPL Actus, un blog au c\u0153ur des Paroles Populaires Lyc\u00e9ennes<\/h2>\n\n\n\n<p>Pourquoi ce blog&nbsp;? Pourquoi mettre en ligne une s\u00e9lection imposante d\u2019articles parus dans trois journaux lyc\u00e9ens depuis le premier num\u00e9ro de <em>Bal\u2019actu<\/em> en 2010&nbsp;? Pourquoi r\u00e9aliser des journaux lyc\u00e9ens en lyc\u00e9e professionnel&nbsp;?<\/p>\n\n\n\n<h3 class=\"wp-block-heading\">Visibiliser des points de vue et des paroles d\u2019\u00e9l\u00e8ves de lyc\u00e9e professionnel<\/h3>\n\n\n\n<p>Souvent f\u00e2ch\u00e9s tant avec l\u2019\u00e9crit qu\u2019avec l\u2019institution scolaire, nos \u00e9l\u00e8ves de lyc\u00e9e professionnel g\u00e9n\u00e9ralement confront\u00e9s \u00e0 d\u2019importantes difficult\u00e9s ont cependant et \u00e9videmment des choses \u00e0 dire, \u00e0 partager pour qui veut bien les entendre. Il nous apparaissait alors incongru, avec Olivier Menouna, assistant d&rsquo;\u00e9ducation, que la parole et les points de vue de nos \u00e9l\u00e8ves trop souvent invisibilis\u00e9s et peu audibles ne puissent pas s\u2019exprimer librement dans un cadre moins normatif que l\u2019\u00e9crit scolaire attendu traditionnellement dans les salles de cours \u00e0 travers les programmes.<\/p>\n\n\n\n<h3 class=\"wp-block-heading\">L\u2019implication de nos \u00e9l\u00e8ves de LP dans les journaux lyc\u00e9ens<\/h3>\n\n\n\n<p>Au total, ce sont 17 num\u00e9ros denses qui ont \u00e9t\u00e9 publi\u00e9s entre 2010 et 2020 gr\u00e2ce \u00e0 l\u2019implication des \u00e9l\u00e8ves de trois lyc\u00e9es professionnels\u00a0: 8 num\u00e9ros de <a href=\"https:\/\/pplactus.com\/?cat=58\"><em>Bal\u2019actu<\/em><\/a> entre 2010 \u00e0 2013 au LP Daniel Balavoine de Bois-Colombes (Hauts-de-Seine), un unique num\u00e9ro en 2014 , mais interdit de diffusion dans l&rsquo;\u00e9tablissement, de <a href=\"https:\/\/pplactus.com\/?cat=301\"><em>PSJournal<\/em><\/a> au lyc\u00e9e polyvalent du Parc Saint-Jean \u00e0 Toulon (Var) et 8 num\u00e9ros de <em><a href=\"https:\/\/pplactus.com\/?cat=1\">PPL Actus<\/a> <\/em>depuis 2015 au <a href=\"http:\/\/www.lyc-painleve-courbevoie.ac-versailles.fr\/\">LP Painlev\u00e9<\/a> de Courbevoie (Hauts-de-Seine), troisi\u00e8me journal lyc\u00e9en cr\u00e9\u00e9 \u00e0 la suite d\u2019une id\u00e9e de la professeur documentaliste Laura Friquet. Le nom du blog reprend donc les trois lettres du math\u00e9maticien et homme politique Paul Painlev\u00e9, mais avec une autre signification cette fois, PPL comme Paroles Populaires lyc\u00e9ennes afin d\u2019englober les trois journaux lyc\u00e9ens de LP ainsi r\u00e9alis\u00e9s.<\/p>\n\n\n\n<h3 class=\"wp-block-heading\">\u00ab&nbsp;<em>PPL Actus<\/em>, un support qui offre une rare libert\u00e9 d\u2019expression&nbsp;\u00bb (<em>La Croix<\/em>)<\/h3>\n\n\n\n<p>De nombreux num\u00e9ros ont obtenu des prix \u00e0 diff\u00e9rents <a href=\"https:\/\/pplactus.com\/?cat=94\">concours<\/a> du Clemi et des <a href=\"https:\/\/pplactus.com\/?cat=92\">m\u00e9dias nationaux<\/a> ont repris des articles de nos \u00e9l\u00e8ves dans leurs colonnes, <em>La Croix<\/em> saluant m\u00eame le 10 mars 2020 \u00ab&nbsp;une rare libert\u00e9 d\u2019expression&nbsp;\u00bb dans un <a href=\"https:\/\/www.la-croix.com\/Famille\/Parents-et-enfants\/Education-medias-lyceens-peau-journalistes-2020-03-10-1201083171\">article<\/a> en une de son cahier \u00ab&nbsp;parents et enfants&nbsp;\u00bb consacr\u00e9 \u00e0 <em>PPL Actus<\/em>.<\/p>\n\n\n\n<p>Il va d\u2019ailleurs sans dire que la libert\u00e9 d\u2019expression de ce support ne signifie pas approbation des propos exprim\u00e9s par nos \u00e9l\u00e8ves. Nous nous effor\u00e7ons alors sur des sujets parfois sensibles ou br\u00fblants comme les <a href=\"https:\/\/pplactus.com\/?tag=blocus\">blocus<\/a> du lyc\u00e9e ou le <a href=\"https:\/\/pplactus.com\/?cat=39\">rapport \u00e0 la police<\/a> d\u2019aller chercher ou de faire \u00e9merger la parole oppos\u00e9e afin de refl\u00e9ter la diversit\u00e9 des regards port\u00e9s par cette jeunesse. Nous n\u2019y parvenons pas toujours.<\/p>\n\n\n\n<h3 class=\"wp-block-heading\">Un langage souvent fleuri<\/h3>\n\n\n\n<p>De m\u00eame, si le langage fleuri&nbsp;a pu heurter des membres de la communaut\u00e9 \u00e9ducative, nous avons au contraire choisi, d\u00e8s le premier num\u00e9ro de <em>Bal\u2019actu<\/em>, de donner \u00e0 voir la langue de la cit\u00e9 \u00e0 travers ce <a href=\"https:\/\/pplactus.com\/?page_id=723\">lexique de la street<\/a> constamment enrichi de nouveaux mots. Car l\u2019argot, selon un \u00ab&nbsp;travail obscur qui ne s\u2019arr\u00eate jamais, [\u2026] fait plus de chemin en dix ans que la langue en dix si\u00e8cles&nbsp;\u00bb (Victor Hugo)<strong>.<\/strong><\/p>\n\n\n\n<h3 class=\"wp-block-heading\">Des articles de t\u00e9moignage<\/h3>\n\n\n\n<p>Toutefois, cette relative reconnaissance ne doit pas faire oublier l\u2019une des principales faiblesses de ces trois journaux lyc\u00e9ens en lyc\u00e9e professionnel&nbsp;: les articles sont dans leur grande majorit\u00e9 des articles de t\u00e9moignage et de prise de position personnelle. Trop rares sont les interviews (<a href=\"https:\/\/pplactus.com\/?p=1077\">ici<\/a> ou <a href=\"https:\/\/pplactus.com\/?p=1955\">l\u00e0<\/a>) et plus encore les reportages de terrain (par exemple <a href=\"https:\/\/pplactus.com\/?p=965\">ici<\/a>). De m\u00eame, le chemin est long pour arriver un jour \u00e0 fonctionner comme une vraie r\u00e9daction de journalistes d\u00e9finissant ses sujets, avec ses angles, en conf\u00e9rence de r\u00e9daction. Amateurs, il nous reste donc beaucoup \u00e0 faire pour progresser dans ce sens.<\/p>\n\n\n\n<h3 class=\"wp-block-heading\">Des articles parfois dr\u00f4les, parfois tragiques, mais le plus souvent \u00e9mouvants<\/h3>\n\n\n\n<p>Mais notre principale difficult\u00e9, faut-il le rappeler encore une fois, r\u00e9side d\u2019abord et avant tout dans le simple fait de susciter le d\u00e9sir d\u2019\u00e9crire chez nos \u00e9l\u00e8ves de lyc\u00e9e professionnel. Comment trouver l\u2019\u00e9l\u00e9ment d\u00e9clencheur d\u2019\u00e9criture&nbsp;? \u00c0 l\u2019inverse, \u00e0 notre plus grande satisfaction, certains \u00e9l\u00e8ves compl\u00e8tement d\u00e9crocheurs se sont compl\u00e8tement \u00e9panouis \u00e0 travers ce moyen d\u2019expression en multipliant les articles. Parfois dr\u00f4les, parfois tragiques, mais le plus souvent \u00e9mouvants sur tous les sujets possibles&nbsp;: rapports sociaux de sexe\/genre, de classe, de race, de g\u00e9n\u00e9rations, vie lyc\u00e9enne, stage, travail, styles et textiles, sports, plein \u00e9cran, po\u00e9sie\u2026 Des sujets donc difficiles sur les <a href=\"https:\/\/pplactus.com\/?s=migrants\">migrants<\/a>, le viol et les <a href=\"https:\/\/pplactus.com\/?s=viol\">violences<\/a> ou la <a href=\"https:\/\/pplactus.com\/?p=1629\">prostitution des lyc\u00e9ennes<\/a>, mais aussi <a href=\"https:\/\/pplactus.com\/?p=829\">l\u00e9gers<\/a>, <a href=\"https:\/\/pplactus.com\/?p=571\">dr\u00f4les<\/a> ou <a href=\"https:\/\/pplactus.com\/?p=1846\">tendres<\/a>.<\/p>\n\n\n\n<h3 class=\"wp-block-heading\">\u00ab&nbsp;Faire un journal, c\u2019est un plaisir&nbsp;!&nbsp;\u00bb<\/h3>\n\n\n\n<p>Ce blog commenc\u00e9 en 2018, mais aliment\u00e9 essentiellement pendant le confinement, se veut donc en plus de l\u2019aspect m\u00e9moriel des paroles populaires lyc\u00e9ennes un vecteur avec de nouvelles potentialit\u00e9s pour redynamiser \u00e9l\u00e8ves et enseignants dans <em>PPL Actus<\/em> car nous n\u2019oublions pas, comme l\u2019\u00e9crivait Samir, que \u00ab&nbsp;<a href=\"https:\/\/pplactus.com\/?p=919\">faire un journal, c\u2019est un plaisir&nbsp;!&nbsp;<\/a>\u00bb.<\/p>\n\n\n\n<p>Un plaisir collectif partag\u00e9 par tous nos \u00e9l\u00e8ves r\u00e9dacteurs et l\u2019ensemble de la communaut\u00e9 \u00e9ducative&nbsp;: assistants d\u2019\u00e9ducation (lire <a href=\"https:\/\/pplactus.com\/?p=1216\">ici<\/a>), personnels d\u2019entretien (voir <a href=\"https:\/\/pplactus.com\/?p=1043\">ici<\/a>), secr\u00e9taire de direction, gestionnaire, documentalistes, intervenants ext\u00e9rieurs (<a href=\"https:\/\/pplactus.com\/?p=1095\">ici<\/a> ou <a href=\"https:\/\/pplactus.com\/?p=1231\">l\u00e0<\/a>), et bien s\u00fbr enseignants qui tous participent \u00e0 un moment ou un autre \u00e0 rendre possible la r\u00e9alisation de <em>PPL Actus<\/em>. Nous les remercions vivement.<\/p>\n\n\n\n<p><strong>Bonne lecture&nbsp;et laissez-vous \u00ab emporter dans l\u2019inconnu&nbsp;\u00bb pour reprendre l\u2019expression <a href=\"https:\/\/pplactus.com\/?p=1751\">d\u2019un(e) \u00e9l\u00e8ve<\/a> membre du jury du concours Mediatiks 2018 !<\/strong><\/p>\n\n\n\n<p><strong>Texte et photo&nbsp;: Guillaume Bordet<\/strong><\/p>\n\n\n\n<p><strong><em>nota bene<\/em><\/strong><strong>&nbsp;:<\/strong><\/p>\n\n\n\n<ul class=\"wp-block-list\"><li>Des fautes d\u2019orthographe et coquilles \u00e9maillent encore certains articles. Nous nous excusons aupr\u00e8s des lecteurs pointilleux pour ce d\u00e9sagr\u00e9ment.<\/li><li>La plupart des visuels des articles du blog sont libres de droit. Nous nous engageons \u00e0 retirer aussit\u00f4t les illustrations dont nous ne poss\u00e9dons pas les droits sur la demande des ayants droit. N\u2019h\u00e9sitez pas \u00e0 nous contacter.<\/li><\/ul>\n","protected":false},"excerpt":{"rendered":"<p>PPL Actus, un blog au c\u0153ur des Paroles Populaires Lyc\u00e9ennes Pourquoi ce blog&nbsp;? Pourquoi mettre en ligne une s\u00e9lection imposante d\u2019articles parus dans trois journaux lyc\u00e9ens depuis le premier num\u00e9ro de Bal\u2019actu en 2010&nbsp;? Pourquoi r\u00e9aliser des journaux lyc\u00e9ens en lyc\u00e9e professionnel&nbsp;? Visibiliser des points de vue et des paroles d\u2019\u00e9l\u00e8ves de lyc\u00e9e professionnel Souvent &hellip; <a href=\"https:\/\/pplactus.com\/?page_id=1885\" class=\"more-link\">Continuer la lecture de <span class=\"screen-reader-text\">A propos de ce blog<\/span>  <span class=\"meta-nav\">&rarr;<\/span><\/a><\/p>\n","protected":false},"author":2,"featured_media":1881,"parent":0,"menu_order":0,"comment_status":"closed","ping_status":"closed","template":"","meta":{"sfsi_plus_gutenberg_text_before_share":"","sfsi_plus_gutenberg_show_text_before_share":"","sfsi_plus_gutenberg_icon_type":"","sfsi_plus_gutenberg_icon_alignemt":"","sfsi_plus_gutenburg_max_per_row":"","twitterCardType":"","cardImageID":0,"cardImage":"","cardTitle":"","cardDesc":"","cardImageAlt":"","cardPlayer":"","cardPlayerWidth":0,"cardPlayerHeight":0,"cardPlayerStream":"","cardPlayerCodec":"","footnotes":""},"class_list":["post-1885","page","type-page","status-publish","has-post-thumbnail","hentry"],"_links":{"self":[{"href":"https:\/\/pplactus.com\/index.php?rest_route=\/wp\/v2\/pages\/1885","targetHints":{"allow":["GET"]}}],"collection":[{"href":"https:\/\/pplactus.com\/index.php?rest_route=\/wp\/v2\/pages"}],"about":[{"href":"https:\/\/pplactus.com\/index.php?rest_route=\/wp\/v2\/types\/page"}],"author":[{"embeddable":true,"href":"https:\/\/pplactus.com\/index.php?rest_route=\/wp\/v2\/users\/2"}],"replies":[{"embeddable":true,"href":"https:\/\/pplactus.com\/index.php?rest_route=%2Fwp%2Fv2%2Fcomments&post=1885"}],"version-history":[{"count":7,"href":"https:\/\/pplactus.com\/index.php?rest_route=\/wp\/v2\/pages\/1885\/revisions"}],"predecessor-version":[{"id":1966,"href":"https:\/\/pplactus.com\/index.php?rest_route=\/wp\/v2\/pages\/1885\/revisions\/1966"}],"wp:featuredmedia":[{"embeddable":true,"href":"https:\/\/pplactus.com\/index.php?rest_route=\/wp\/v2\/media\/1881"}],"wp:attachment":[{"href":"https:\/\/pplactus.com\/index.php?rest_route=%2Fwp%2Fv2%2Fmedia&parent=1885"}],"curies":[{"name":"wp","href":"https:\/\/api.w.org\/{rel}","templated":true}]}}