{"id":723,"date":"2018-10-24T14:37:10","date_gmt":"2018-10-24T12:37:10","guid":{"rendered":"http:\/\/pplactus.com\/?page_id=723"},"modified":"2020-04-04T21:06:23","modified_gmt":"2020-04-04T19:06:23","slug":"glossary","status":"publish","type":"page","link":"https:\/\/pplactus.com\/?page_id=723","title":{"rendered":"Lexique de la street"},"content":{"rendered":"\n<p><strong>\u00ab\u00a0L&rsquo;argot n&rsquo;est pas autre chose qu&rsquo;un vestiaire o\u00f9 la langue ayant quelque mauvaise action \u00e0 faire, se d\u00e9guise. [&#8230;] On peine \u00e0 la reconna\u00eetre. Est-ce bien la langue fran\u00e7aise, la grande langue humaine ? [&#8230;] L&rsquo;argot, \u00e9tant l&rsquo;idiome de la corruption, se corrompt vite. En outre, comme il cherche toujours \u00e0 se d\u00e9rober, sit\u00f4t qu&rsquo;il se sent compris, il se transforme. [&#8230;] Aussi l&rsquo;argot va-t-il se d\u00e9composant et se recomposant sans cesse ; travail obscur et rapide qui ne s&rsquo;arr\u00eate jamais. Il fait plus de chemin en dix ans que la langue en dix si\u00e8cles. Ainsi [&#8230;] les gens de police sont des railles, puis des roussins, puis des rousses, puis des marchands de lacets, puis des coqueurs, puis des cognes.\u00a0\u00bb<\/strong><\/p>\n\n\n\n<p><strong>Victor Hugo, <em>Les mis\u00e9rables<\/em>, Quatri\u00e8me partie, Livre septi\u00e8me<\/strong><\/p>\n\n\n\n<p>N&rsquo;en d\u00e9plaise aux pudibonds, aux r\u00e9actionnaires, aux z\u00e9lites, aux racistes et aux conservateurs de tous poils, la langue du tiekar s&rsquo;exprime et fait preuve d&rsquo;une inventivit\u00e9 joyeuse. Elle emprunte ses mots autant aux langues d&rsquo;autres pays europ\u00e9ens ou africains qu&rsquo;elle r\u00e9actualise des vieux mots inusit\u00e9s de la langue fran\u00e7aise ou se module selon les r\u00e9gions fran\u00e7aises. Petit tour d&rsquo;horizon de l&rsquo;argot de la street de A comme artek \u00e0 Z comme zgah !<\/p>\n\n\n\n<pre class=\"wp-block-preformatted\"><a name='name_directory_position2'><\/a><h3 class='name_directory_title'>Lexique de la street avec Name directory<\/h3><div class=\"name_directory_index\"> <a class=\"name_directory_startswith \" href=\"https:\/\/pplactus.com\/?page_id=723&rest_route=%2Fwp%2Fv2%2Fpages%2F723&dir=2&name_directory_startswith=A#name_directory_position2\">A<\/a>  <a class=\"name_directory_startswith \" href=\"https:\/\/pplactus.com\/?page_id=723&rest_route=%2Fwp%2Fv2%2Fpages%2F723&dir=2&name_directory_startswith=B#name_directory_position2\">B<\/a>  <a class=\"name_directory_startswith \" href=\"https:\/\/pplactus.com\/?page_id=723&rest_route=%2Fwp%2Fv2%2Fpages%2F723&dir=2&name_directory_startswith=C#name_directory_position2\">C<\/a>  <a class=\"name_directory_startswith \" href=\"https:\/\/pplactus.com\/?page_id=723&rest_route=%2Fwp%2Fv2%2Fpages%2F723&dir=2&name_directory_startswith=D#name_directory_position2\">D<\/a>  <a class=\"name_directory_startswith \" href=\"https:\/\/pplactus.com\/?page_id=723&rest_route=%2Fwp%2Fv2%2Fpages%2F723&dir=2&name_directory_startswith=E#name_directory_position2\">E<\/a>  <a class=\"name_directory_startswith \" href=\"https:\/\/pplactus.com\/?page_id=723&rest_route=%2Fwp%2Fv2%2Fpages%2F723&dir=2&name_directory_startswith=F#name_directory_position2\">F<\/a>  <a class=\"name_directory_startswith \" href=\"https:\/\/pplactus.com\/?page_id=723&rest_route=%2Fwp%2Fv2%2Fpages%2F723&dir=2&name_directory_startswith=G#name_directory_position2\">G<\/a>  <a class=\"name_directory_startswith \" href=\"https:\/\/pplactus.com\/?page_id=723&rest_route=%2Fwp%2Fv2%2Fpages%2F723&dir=2&name_directory_startswith=H#name_directory_position2\">H<\/a>  <a class=\"name_directory_startswith \" href=\"https:\/\/pplactus.com\/?page_id=723&rest_route=%2Fwp%2Fv2%2Fpages%2F723&dir=2&name_directory_startswith=I#name_directory_position2\">I<\/a>  <a class=\"name_directory_startswith \" href=\"https:\/\/pplactus.com\/?page_id=723&rest_route=%2Fwp%2Fv2%2Fpages%2F723&dir=2&name_directory_startswith=J#name_directory_position2\">J<\/a>  <a class=\"name_directory_startswith \" href=\"https:\/\/pplactus.com\/?page_id=723&rest_route=%2Fwp%2Fv2%2Fpages%2F723&dir=2&name_directory_startswith=K#name_directory_position2\">K<\/a>  <a class=\"name_directory_startswith \" href=\"https:\/\/pplactus.com\/?page_id=723&rest_route=%2Fwp%2Fv2%2Fpages%2F723&dir=2&name_directory_startswith=L#name_directory_position2\">L<\/a>  <a class=\"name_directory_startswith \" href=\"https:\/\/pplactus.com\/?page_id=723&rest_route=%2Fwp%2Fv2%2Fpages%2F723&dir=2&name_directory_startswith=M#name_directory_position2\">M<\/a>  <a class=\"name_directory_startswith \" href=\"https:\/\/pplactus.com\/?page_id=723&rest_route=%2Fwp%2Fv2%2Fpages%2F723&dir=2&name_directory_startswith=N#name_directory_position2\">N<\/a>  <a class=\"name_directory_startswith \" href=\"https:\/\/pplactus.com\/?page_id=723&rest_route=%2Fwp%2Fv2%2Fpages%2F723&dir=2&name_directory_startswith=O#name_directory_position2\">O<\/a>  <a class=\"name_directory_startswith \" href=\"https:\/\/pplactus.com\/?page_id=723&rest_route=%2Fwp%2Fv2%2Fpages%2F723&dir=2&name_directory_startswith=P#name_directory_position2\">P<\/a>  <a class=\"name_directory_startswith \" href=\"https:\/\/pplactus.com\/?page_id=723&rest_route=%2Fwp%2Fv2%2Fpages%2F723&dir=2&name_directory_startswith=Q#name_directory_position2\">Q<\/a>  <a class=\"name_directory_startswith \" href=\"https:\/\/pplactus.com\/?page_id=723&rest_route=%2Fwp%2Fv2%2Fpages%2F723&dir=2&name_directory_startswith=R#name_directory_position2\">R<\/a>  <a class=\"name_directory_startswith \" href=\"https:\/\/pplactus.com\/?page_id=723&rest_route=%2Fwp%2Fv2%2Fpages%2F723&dir=2&name_directory_startswith=S#name_directory_position2\">S<\/a>  <a class=\"name_directory_startswith \" href=\"https:\/\/pplactus.com\/?page_id=723&rest_route=%2Fwp%2Fv2%2Fpages%2F723&dir=2&name_directory_startswith=T#name_directory_position2\">T<\/a>  <a class=\"name_directory_startswith \" href=\"https:\/\/pplactus.com\/?page_id=723&rest_route=%2Fwp%2Fv2%2Fpages%2F723&dir=2&name_directory_startswith=U#name_directory_position2\">U<\/a>  <a class=\"name_directory_startswith \" href=\"https:\/\/pplactus.com\/?page_id=723&rest_route=%2Fwp%2Fv2%2Fpages%2F723&dir=2&name_directory_startswith=V#name_directory_position2\">V<\/a>  <a class=\"name_directory_startswith \" href=\"https:\/\/pplactus.com\/?page_id=723&rest_route=%2Fwp%2Fv2%2Fpages%2F723&dir=2&name_directory_startswith=W#name_directory_position2\">W<\/a>  <a class=\"name_directory_startswith \" href=\"https:\/\/pplactus.com\/?page_id=723&rest_route=%2Fwp%2Fv2%2Fpages%2F723&dir=2&name_directory_startswith=Y#name_directory_position2\">Y<\/a>  <a class=\"name_directory_startswith \" href=\"https:\/\/pplactus.com\/?page_id=723&rest_route=%2Fwp%2Fv2%2Fpages%2F723&dir=2&name_directory_startswith=Z#name_directory_position2\">Z<\/a> <\/div><div class=\"name_directory_total\">Il y a actuellement 264 noms dans ce r\u00e9pertoire.<\/div><div class=\"name_directory_names\"><p class=\"name_directory_entry_message\">Veuillez s\u00e9lectionner une lettre de l\u2019index (ci-dessus) pour voir les entr\u00e9es.<\/p><\/div><style>\r\n        .name_directory_readmore_state ~ .name_directory_readmore_trigger:before {\r\n            content: '... Afficher plus';\r\n        }\r\n       \r\n        .name_directory_readmore_state:checked ~ .name_directory_readmore_trigger:before {\r\n            content: 'Afficher moins';\r\n        }\r\n        <\/style>\n<\/pre>\n\n\n\n<p>Un lexique, non exhaustif et toujours aliment\u00e9, effectu\u00e9 par les \u00e9l\u00e8ves du LP Daniel Balavoine \u00e0 Bois-Colombes (92), du lyc\u00e9e polyvalent Saint-Jean \u00e0 Toulon et du LP Paul Painlev\u00e9 \u00e0 Courbevoie (92). Sp\u00e9cial merci Aim\u00e9 Content, Fouad, Igor, Mamadou, Manon (LP Daniel Balavoine), In\u00e8s de Toulon, et tous les autres, en particulier Kadem, M\u00e9lissa et SKM de Painlev\u00e9 !<\/p>\n\n\n\n<p><em>Photo : \u00e9l\u00e8ves du LP Daniel Balavoine \u00e0 Bois-Colombes en 2012 (Bordet).<\/em><\/p>\n","protected":false},"excerpt":{"rendered":"<p>\u00ab\u00a0L&rsquo;argot n&rsquo;est pas autre chose qu&rsquo;un vestiaire o\u00f9 la langue ayant quelque mauvaise action \u00e0 faire, se d\u00e9guise. [&#8230;] On peine \u00e0 la reconna\u00eetre. Est-ce bien la langue fran\u00e7aise, la grande langue humaine ? [&#8230;] L&rsquo;argot, \u00e9tant l&rsquo;idiome de la corruption, se corrompt vite. En outre, comme il cherche toujours \u00e0 se d\u00e9rober, sit\u00f4t qu&rsquo;il &hellip; <a href=\"https:\/\/pplactus.com\/?page_id=723\" class=\"more-link\">Continuer la lecture de <span class=\"screen-reader-text\">Lexique de la street<\/span>  <span class=\"meta-nav\">&rarr;<\/span><\/a><\/p>\n","protected":false},"author":2,"featured_media":870,"parent":0,"menu_order":0,"comment_status":"closed","ping_status":"closed","template":"","meta":{"sfsi_plus_gutenberg_text_before_share":"","sfsi_plus_gutenberg_show_text_before_share":"","sfsi_plus_gutenberg_icon_type":"","sfsi_plus_gutenberg_icon_alignemt":"","sfsi_plus_gutenburg_max_per_row":"","twitterCardType":"","cardImageID":0,"cardImage":"","cardTitle":"","cardDesc":"","cardImageAlt":"","cardPlayer":"","cardPlayerWidth":0,"cardPlayerHeight":0,"cardPlayerStream":"","cardPlayerCodec":"","footnotes":""},"class_list":["post-723","page","type-page","status-publish","has-post-thumbnail","hentry"],"_links":{"self":[{"href":"https:\/\/pplactus.com\/index.php?rest_route=\/wp\/v2\/pages\/723","targetHints":{"allow":["GET"]}}],"collection":[{"href":"https:\/\/pplactus.com\/index.php?rest_route=\/wp\/v2\/pages"}],"about":[{"href":"https:\/\/pplactus.com\/index.php?rest_route=\/wp\/v2\/types\/page"}],"author":[{"embeddable":true,"href":"https:\/\/pplactus.com\/index.php?rest_route=\/wp\/v2\/users\/2"}],"replies":[{"embeddable":true,"href":"https:\/\/pplactus.com\/index.php?rest_route=%2Fwp%2Fv2%2Fcomments&post=723"}],"version-history":[{"count":32,"href":"https:\/\/pplactus.com\/index.php?rest_route=\/wp\/v2\/pages\/723\/revisions"}],"predecessor-version":[{"id":1332,"href":"https:\/\/pplactus.com\/index.php?rest_route=\/wp\/v2\/pages\/723\/revisions\/1332"}],"wp:featuredmedia":[{"embeddable":true,"href":"https:\/\/pplactus.com\/index.php?rest_route=\/wp\/v2\/media\/870"}],"wp:attachment":[{"href":"https:\/\/pplactus.com\/index.php?rest_route=%2Fwp%2Fv2%2Fmedia&parent=723"}],"curies":[{"name":"wp","href":"https:\/\/api.w.org\/{rel}","templated":true}]}}